{"id":2356,"date":"2025-01-17T19:49:11","date_gmt":"2025-01-17T18:49:11","guid":{"rendered":"https:\/\/restaurant-ceba.fr\/?page_id=2356"},"modified":"2025-10-24T13:22:26","modified_gmt":"2025-10-24T11:22:26","slug":"vins-et-boissons","status":"publish","type":"page","link":"https:\/\/restaurant-ceba.fr\/index.php\/vins-et-boissons\/","title":{"rendered":"Vins et Boissons"},"content":{"rendered":"\t\t<div data-elementor-type=\"wp-page\" data-elementor-id=\"2356\" class=\"elementor elementor-2356\">\n\t\t\t\t<div class=\"elementor-element elementor-element-5c03efd e-grid e-con-boxed e-con e-parent\" data-id=\"5c03efd\" data-element_type=\"container\">\n\t\t\t\t\t<div class=\"e-con-inner\">\n\t\t\t\t<div class=\"elementor-element elementor-element-313af7d elementor-widget elementor-widget-image\" data-id=\"313af7d\" data-element_type=\"widget\" data-widget_type=\"image.default\">\n\t\t\t\t<div class=\"elementor-widget-container\">\n\t\t\t\t\t\t\t\t\t\t\t\t\t\t\t<img fetchpriority=\"high\" decoding=\"async\" width=\"1024\" height=\"1536\" src=\"https:\/\/restaurant-ceba.fr\/wp-content\/uploads\/DSC_5500-1024x1536.png\" class=\"attachment-1536x1536 size-1536x1536 wp-image-2764\" alt=\"\" srcset=\"https:\/\/restaurant-ceba.fr\/wp-content\/uploads\/DSC_5500-1024x1536.png 1024w, https:\/\/restaurant-ceba.fr\/wp-content\/uploads\/DSC_5500-200x300.png 200w, https:\/\/restaurant-ceba.fr\/wp-content\/uploads\/DSC_5500-683x1024.png 683w, https:\/\/restaurant-ceba.fr\/wp-content\/uploads\/DSC_5500-768x1152.png 768w, https:\/\/restaurant-ceba.fr\/wp-content\/uploads\/DSC_5500-1365x2048.png 1365w, https:\/\/restaurant-ceba.fr\/wp-content\/uploads\/DSC_5500-scaled.png 1707w\" sizes=\"(max-width: 1024px) 100vw, 1024px\" \/>\t\t\t\t\t\t\t\t\t\t\t\t\t\t\t<\/div>\n\t\t\t\t<\/div>\n\t\t<div class=\"elementor-element elementor-element-8d3cc23 e-con-full e-flex e-con e-child\" data-id=\"8d3cc23\" data-element_type=\"container\">\n\t\t\t\t<div class=\"elementor-element elementor-element-e2c48e9 elementor-widget elementor-widget-text-editor\" data-id=\"e2c48e9\" data-element_type=\"widget\" data-widget_type=\"text-editor.default\">\n\t\t\t\t<div class=\"elementor-widget-container\">\n\t\t\t\t\t\t\t\t\t<p><span style=\"font-weight: 400;\">Un bon repas n\u2019en est que meilleur accompagn\u00e9 de succulentes boissons, et nous avons \u00e0 coeur de pr\u00e9senter une carte des boissons aussi gourmande que celle des plats.\u00a0<\/span><\/p><p><span style=\"font-weight: 400;\">Chez nous, la carte des vins, c\u2019est 100 % vins naturels. Pas d\u2019artifices, juste des bouteilles qui respectent la terre et le travail des vignerons. On a s\u00e9lectionn\u00e9 des crus frais, \u00e9quilibr\u00e9s et pleins de caract\u00e8re pour accompagner vos repas, ou juste pour le plaisir.<\/span><\/p><p><span style=\"font-weight: 400;\">Les vins de Ceba sont des vins que nous sourcons au plus pr\u00e8s, dans le Gard, en Occitanie, et en Catalogne espagnole, pour faire d\u00e9couvrir ce terroir que nous aimons tant.\u00a0<\/span><\/p><p><span style=\"font-weight: 400;\">Nos vins sont majoritairement faits par des vigneronnes, longtemps oubli\u00e9es ou mises de c\u00f4t\u00e9. C\u2019\u00e9tait une \u00e9vidence pour nous : au moment de faire la carte des vins, les 10 premiers qui nous sont venus \u00e0 l\u2019esprit \u00e9taient des vins de vigneronnes.\u00a0<\/span><\/p><p><span style=\"font-weight: 400;\">Ici, m\u00eame les boissons sans alcool ont droit \u00e0 toute notre attention. Pr\u00e9par\u00e9es maison avec des ingr\u00e9dients frais et de saison, elles sont faites avec autant d\u2019amour que nos plats. Infusions, jus press\u00e9s ou cr\u00e9ations originales, chaque recette est pens\u00e9e pour \u00eatre pleine de saveurs et de fra\u00eecheur. De quoi se faire plaisir, sans compromis.<\/span><\/p><p><span style=\"font-weight: 400;\">Chaque jour, avec la carte des plats, on vous propose une carte des boissons, tout est l\u00e0 pour s\u2019accorder avec ce qu\u2019il y a dans l\u2019assiette. Simple et efficace.<\/span><\/p>\t\t\t\t\t\t\t\t<\/div>\n\t\t\t\t<\/div>\n\t\t\t\t<\/div>\n\t\t\t\t\t<\/div>\n\t\t\t\t<\/div>\n\t\t<div class=\"elementor-element elementor-element-2562ce0 e-flex e-con-boxed e-con e-parent\" data-id=\"2562ce0\" data-element_type=\"container\">\n\t\t\t\t\t<div class=\"e-con-inner\">\n\t\t<div class=\"elementor-element elementor-element-5e8b57b e-grid e-con-full e-con e-child\" data-id=\"5e8b57b\" data-element_type=\"container\">\n\t\t\t\t<div class=\"elementor-element elementor-element-dbd3b6a elementor-widget elementor-widget-image\" data-id=\"dbd3b6a\" data-element_type=\"widget\" data-widget_type=\"image.default\">\n\t\t\t\t<div class=\"elementor-widget-container\">\n\t\t\t\t\t\t\t\t\t\t\t\t\t\t\t<img decoding=\"async\" width=\"1024\" height=\"768\" src=\"https:\/\/restaurant-ceba.fr\/wp-content\/uploads\/2025\/05\/IMG_8925-1024x768.jpg\" class=\"attachment-large size-large wp-image-2523\" alt=\"\" srcset=\"https:\/\/restaurant-ceba.fr\/wp-content\/uploads\/2025\/05\/IMG_8925-1024x768.jpg 1024w, https:\/\/restaurant-ceba.fr\/wp-content\/uploads\/2025\/05\/IMG_8925-300x225.jpg 300w, https:\/\/restaurant-ceba.fr\/wp-content\/uploads\/2025\/05\/IMG_8925-768x576.jpg 768w, https:\/\/restaurant-ceba.fr\/wp-content\/uploads\/2025\/05\/IMG_8925-1536x1152.jpg 1536w, https:\/\/restaurant-ceba.fr\/wp-content\/uploads\/2025\/05\/IMG_8925-800x600.jpg 800w, https:\/\/restaurant-ceba.fr\/wp-content\/uploads\/2025\/05\/IMG_8925.jpg 2016w\" sizes=\"(max-width: 1024px) 100vw, 1024px\" \/>\t\t\t\t\t\t\t\t\t\t\t\t\t\t\t<\/div>\n\t\t\t\t<\/div>\n\t\t\t\t<div class=\"elementor-element elementor-element-a4aa43c elementor-widget elementor-widget-image\" data-id=\"a4aa43c\" data-element_type=\"widget\" data-widget_type=\"image.default\">\n\t\t\t\t<div class=\"elementor-widget-container\">\n\t\t\t\t\t\t\t\t\t\t\t\t\t\t\t<img decoding=\"async\" width=\"1024\" height=\"768\" src=\"https:\/\/restaurant-ceba.fr\/wp-content\/uploads\/2025\/05\/IMG_8913-1024x768.jpg\" class=\"attachment-large size-large wp-image-2524\" alt=\"\" srcset=\"https:\/\/restaurant-ceba.fr\/wp-content\/uploads\/2025\/05\/IMG_8913-1024x768.jpg 1024w, https:\/\/restaurant-ceba.fr\/wp-content\/uploads\/2025\/05\/IMG_8913-300x225.jpg 300w, https:\/\/restaurant-ceba.fr\/wp-content\/uploads\/2025\/05\/IMG_8913-768x576.jpg 768w, https:\/\/restaurant-ceba.fr\/wp-content\/uploads\/2025\/05\/IMG_8913-1536x1152.jpg 1536w, https:\/\/restaurant-ceba.fr\/wp-content\/uploads\/2025\/05\/IMG_8913-800x600.jpg 800w, https:\/\/restaurant-ceba.fr\/wp-content\/uploads\/2025\/05\/IMG_8913.jpg 2016w\" sizes=\"(max-width: 1024px) 100vw, 1024px\" \/>\t\t\t\t\t\t\t\t\t\t\t\t\t\t\t<\/div>\n\t\t\t\t<\/div>\n\t\t\t\t<div class=\"elementor-element elementor-element-818317d elementor-widget elementor-widget-image\" data-id=\"818317d\" data-element_type=\"widget\" data-widget_type=\"image.default\">\n\t\t\t\t<div class=\"elementor-widget-container\">\n\t\t\t\t\t\t\t\t\t\t\t\t\t\t\t<img loading=\"lazy\" decoding=\"async\" width=\"1024\" height=\"768\" src=\"https:\/\/restaurant-ceba.fr\/wp-content\/uploads\/2025\/05\/IMG_8997-1024x768.jpg\" class=\"attachment-large size-large wp-image-2534\" alt=\"\" srcset=\"https:\/\/restaurant-ceba.fr\/wp-content\/uploads\/2025\/05\/IMG_8997-1024x768.jpg 1024w, https:\/\/restaurant-ceba.fr\/wp-content\/uploads\/2025\/05\/IMG_8997-300x225.jpg 300w, https:\/\/restaurant-ceba.fr\/wp-content\/uploads\/2025\/05\/IMG_8997-768x576.jpg 768w, https:\/\/restaurant-ceba.fr\/wp-content\/uploads\/2025\/05\/IMG_8997-1536x1152.jpg 1536w, https:\/\/restaurant-ceba.fr\/wp-content\/uploads\/2025\/05\/IMG_8997-800x600.jpg 800w, https:\/\/restaurant-ceba.fr\/wp-content\/uploads\/2025\/05\/IMG_8997.jpg 2016w\" sizes=\"(max-width: 1024px) 100vw, 1024px\" \/>\t\t\t\t\t\t\t\t\t\t\t\t\t\t\t<\/div>\n\t\t\t\t<\/div>\n\t\t\t\t<div class=\"elementor-element elementor-element-4042b6b elementor-widget elementor-widget-image\" data-id=\"4042b6b\" data-element_type=\"widget\" data-widget_type=\"image.default\">\n\t\t\t\t<div class=\"elementor-widget-container\">\n\t\t\t\t\t\t\t\t\t\t\t\t\t\t\t<img loading=\"lazy\" decoding=\"async\" width=\"768\" height=\"1024\" src=\"https:\/\/restaurant-ceba.fr\/wp-content\/uploads\/2025\/05\/IMG_8902-1-768x1024.jpg\" class=\"attachment-large size-large wp-image-2529\" alt=\"\" srcset=\"https:\/\/restaurant-ceba.fr\/wp-content\/uploads\/2025\/05\/IMG_8902-1-768x1024.jpg 768w, https:\/\/restaurant-ceba.fr\/wp-content\/uploads\/2025\/05\/IMG_8902-1-225x300.jpg 225w, https:\/\/restaurant-ceba.fr\/wp-content\/uploads\/2025\/05\/IMG_8902-1-1152x1536.jpg 1152w, https:\/\/restaurant-ceba.fr\/wp-content\/uploads\/2025\/05\/IMG_8902-1.jpg 1512w\" sizes=\"(max-width: 768px) 100vw, 768px\" \/>\t\t\t\t\t\t\t\t\t\t\t\t\t\t\t<\/div>\n\t\t\t\t<\/div>\n\t\t\t\t<div class=\"elementor-element elementor-element-830f7be elementor-widget elementor-widget-image\" data-id=\"830f7be\" data-element_type=\"widget\" data-widget_type=\"image.default\">\n\t\t\t\t<div class=\"elementor-widget-container\">\n\t\t\t\t\t\t\t\t\t\t\t\t\t\t\t<img loading=\"lazy\" decoding=\"async\" width=\"768\" height=\"1024\" src=\"https:\/\/restaurant-ceba.fr\/wp-content\/uploads\/2025\/05\/IMG_8935-768x1024.jpg\" class=\"attachment-large size-large wp-image-2528\" alt=\"\" srcset=\"https:\/\/restaurant-ceba.fr\/wp-content\/uploads\/2025\/05\/IMG_8935-768x1024.jpg 768w, https:\/\/restaurant-ceba.fr\/wp-content\/uploads\/2025\/05\/IMG_8935-225x300.jpg 225w, https:\/\/restaurant-ceba.fr\/wp-content\/uploads\/2025\/05\/IMG_8935-1152x1536.jpg 1152w, https:\/\/restaurant-ceba.fr\/wp-content\/uploads\/2025\/05\/IMG_8935-rotated.jpg 1512w\" sizes=\"(max-width: 768px) 100vw, 768px\" \/>\t\t\t\t\t\t\t\t\t\t\t\t\t\t\t<\/div>\n\t\t\t\t<\/div>\n\t\t\t\t<div class=\"elementor-element elementor-element-08ad7de elementor-widget elementor-widget-image\" data-id=\"08ad7de\" data-element_type=\"widget\" data-widget_type=\"image.default\">\n\t\t\t\t<div class=\"elementor-widget-container\">\n\t\t\t\t\t\t\t\t\t\t\t\t\t\t\t<img loading=\"lazy\" decoding=\"async\" width=\"768\" height=\"1024\" src=\"https:\/\/restaurant-ceba.fr\/wp-content\/uploads\/2025\/05\/IMG_8905-768x1024.jpg\" class=\"attachment-large size-large wp-image-2530\" alt=\"\" srcset=\"https:\/\/restaurant-ceba.fr\/wp-content\/uploads\/2025\/05\/IMG_8905-768x1024.jpg 768w, https:\/\/restaurant-ceba.fr\/wp-content\/uploads\/2025\/05\/IMG_8905-225x300.jpg 225w, https:\/\/restaurant-ceba.fr\/wp-content\/uploads\/2025\/05\/IMG_8905-1152x1536.jpg 1152w, https:\/\/restaurant-ceba.fr\/wp-content\/uploads\/2025\/05\/IMG_8905-rotated.jpg 1512w\" sizes=\"(max-width: 768px) 100vw, 768px\" \/>\t\t\t\t\t\t\t\t\t\t\t\t\t\t\t<\/div>\n\t\t\t\t<\/div>\n\t\t\t\t<\/div>\n\t\t\t\t\t<\/div>\n\t\t\t\t<\/div>\n\t\t\t\t<\/div>\n\t\t","protected":false},"excerpt":{"rendered":"<p>Un bon repas n\u2019en est que meilleur accompagn\u00e9 de succulentes boissons, et nous avons \u00e0 coeur de pr\u00e9senter une carte des boissons aussi gourmande que celle des plats.\u00a0 Chez nous, la carte des vins, c\u2019est 100 % vins naturels. Pas&#8230;<\/p>\n","protected":false},"author":1,"featured_media":2429,"parent":0,"menu_order":0,"comment_status":"closed","ping_status":"closed","template":"templates\/template-fullscreen.php","meta":{"_acf_changed":false,"_monsterinsights_skip_tracking":false,"_monsterinsights_sitenote_active":false,"_monsterinsights_sitenote_note":"","_monsterinsights_sitenote_category":0,"footnotes":""},"class_list":["post-2356","page","type-page","status-publish","has-post-thumbnail","hentry"],"aioseo_notices":[],"acf":[],"_links":{"self":[{"href":"https:\/\/restaurant-ceba.fr\/index.php\/wp-json\/wp\/v2\/pages\/2356","targetHints":{"allow":["GET"]}}],"collection":[{"href":"https:\/\/restaurant-ceba.fr\/index.php\/wp-json\/wp\/v2\/pages"}],"about":[{"href":"https:\/\/restaurant-ceba.fr\/index.php\/wp-json\/wp\/v2\/types\/page"}],"author":[{"embeddable":true,"href":"https:\/\/restaurant-ceba.fr\/index.php\/wp-json\/wp\/v2\/users\/1"}],"replies":[{"embeddable":true,"href":"https:\/\/restaurant-ceba.fr\/index.php\/wp-json\/wp\/v2\/comments?post=2356"}],"version-history":[{"count":25,"href":"https:\/\/restaurant-ceba.fr\/index.php\/wp-json\/wp\/v2\/pages\/2356\/revisions"}],"predecessor-version":[{"id":2786,"href":"https:\/\/restaurant-ceba.fr\/index.php\/wp-json\/wp\/v2\/pages\/2356\/revisions\/2786"}],"wp:featuredmedia":[{"embeddable":true,"href":"https:\/\/restaurant-ceba.fr\/index.php\/wp-json\/wp\/v2\/media\/2429"}],"wp:attachment":[{"href":"https:\/\/restaurant-ceba.fr\/index.php\/wp-json\/wp\/v2\/media?parent=2356"}],"curies":[{"name":"wp","href":"https:\/\/api.w.org\/{rel}","templated":true}]}}