{"id":2387,"date":"2025-01-17T20:14:54","date_gmt":"2025-01-17T19:14:54","guid":{"rendered":"https:\/\/restaurant-ceba.fr\/?page_id=2387"},"modified":"2025-11-25T13:58:36","modified_gmt":"2025-11-25T12:58:36","slug":"infos-pratiques","status":"publish","type":"page","link":"https:\/\/restaurant-ceba.fr\/index.php\/infos-pratiques\/","title":{"rendered":"Infos Pratiques"},"content":{"rendered":"\t\t<div data-elementor-type=\"wp-page\" data-elementor-id=\"2387\" class=\"elementor elementor-2387\">\n\t\t\t\t\t\t<section class=\"elementor-section elementor-top-section elementor-element elementor-element-4c3d419 elementor-section-boxed elementor-section-height-default elementor-section-height-default\" data-id=\"4c3d419\" data-element_type=\"section\">\n\t\t\t\t\t\t<div class=\"elementor-container elementor-column-gap-default\">\n\t\t\t\t\t<div class=\"elementor-column elementor-col-50 elementor-top-column elementor-element elementor-element-3d071b0 order-mobi2\" data-id=\"3d071b0\" data-element_type=\"column\">\n\t\t\t<div class=\"elementor-widget-wrap elementor-element-populated\">\n\t\t\t\t\t\t<div class=\"elementor-element elementor-element-97326e0 el-smalltitle pcolor elementor-widget elementor-widget-heading\" data-id=\"97326e0\" data-element_type=\"widget\" data-widget_type=\"heading.default\">\n\t\t\t\t<div class=\"elementor-widget-container\">\n\t\t\t\t\t<span class=\"elementor-heading-title elementor-size-default\">Infos pratiques<\/span>\t\t\t\t<\/div>\n\t\t\t\t<\/div>\n\t\t\t\t<div class=\"elementor-element elementor-element-c99da1c elementor-widget elementor-widget-text-editor\" data-id=\"c99da1c\" data-element_type=\"widget\" data-widget_type=\"text-editor.default\">\n\t\t\t\t<div class=\"elementor-widget-container\">\n\t\t\t\t\t\t\t\t\t<p>53, rue de l&rsquo;aiguillerie &#8211; 34000 Montpellier<\/p><p>Le restaurant est ouvert :<\/p><ul><li>Mardi midi &#8211; de 12h \u00e0 14h30<\/li><li>Mercredi midi &#8211; de 12h \u00e0 14h30<\/li><li>Jeudi midi et soir &#8211; de 12h \u00e0 14h30 et de 19h30 \u00e0 23h<\/li><li>Vendredi midi et soir &#8211; de 12h \u00e0 14h30 et de 19h30 \u00e0 23h<\/li><li>Samedi soir &#8211; de 16h \u00e0 23h30<\/li><\/ul>\t\t\t\t\t\t\t\t<\/div>\n\t\t\t\t<\/div>\n\t\t\t\t<div class=\"elementor-element elementor-element-39f0dc7 e-grid-align-left elementor-widget__width-initial elementor-shape-rounded elementor-grid-0 elementor-widget elementor-widget-social-icons\" data-id=\"39f0dc7\" data-element_type=\"widget\" data-widget_type=\"social-icons.default\">\n\t\t\t\t<div class=\"elementor-widget-container\">\n\t\t\t\t\t\t\t<div class=\"elementor-social-icons-wrapper elementor-grid\">\n\t\t\t\t\t\t\t<span class=\"elementor-grid-item\">\n\t\t\t\t\t<a class=\"elementor-icon elementor-social-icon elementor-social-icon-instagram elementor-repeater-item-7768737\" href=\"https:\/\/www.instagram.com\/ceba_restaurant\" target=\"_blank\">\n\t\t\t\t\t\t<span class=\"elementor-screen-only\">Instagram<\/span>\n\t\t\t\t\t\t<svg class=\"e-font-icon-svg e-fab-instagram\" viewBox=\"0 0 448 512\" xmlns=\"http:\/\/www.w3.org\/2000\/svg\"><path d=\"M224.1 141c-63.6 0-114.9 51.3-114.9 114.9s51.3 114.9 114.9 114.9S339 319.5 339 255.9 287.7 141 224.1 141zm0 189.6c-41.1 0-74.7-33.5-74.7-74.7s33.5-74.7 74.7-74.7 74.7 33.5 74.7 74.7-33.6 74.7-74.7 74.7zm146.4-194.3c0 14.9-12 26.8-26.8 26.8-14.9 0-26.8-12-26.8-26.8s12-26.8 26.8-26.8 26.8 12 26.8 26.8zm76.1 27.2c-1.7-35.9-9.9-67.7-36.2-93.9-26.2-26.2-58-34.4-93.9-36.2-37-2.1-147.9-2.1-184.9 0-35.8 1.7-67.6 9.9-93.9 36.1s-34.4 58-36.2 93.9c-2.1 37-2.1 147.9 0 184.9 1.7 35.9 9.9 67.7 36.2 93.9s58 34.4 93.9 36.2c37 2.1 147.9 2.1 184.9 0 35.9-1.7 67.7-9.9 93.9-36.2 26.2-26.2 34.4-58 36.2-93.9 2.1-37 2.1-147.8 0-184.8zM398.8 388c-7.8 19.6-22.9 34.7-42.6 42.6-29.5 11.7-99.5 9-132.1 9s-102.7 2.6-132.1-9c-19.6-7.8-34.7-22.9-42.6-42.6-11.7-29.5-9-99.5-9-132.1s-2.6-102.7 9-132.1c7.8-19.6 22.9-34.7 42.6-42.6 29.5-11.7 99.5-9 132.1-9s102.7-2.6 132.1 9c19.6 7.8 34.7 22.9 42.6 42.6 11.7 29.5 9 99.5 9 132.1s2.7 102.7-9 132.1z\"><\/path><\/svg>\t\t\t\t\t<\/a>\n\t\t\t\t<\/span>\n\t\t\t\t\t<\/div>\n\t\t\t\t\t\t<\/div>\n\t\t\t\t<\/div>\n\t\t\t\t<div class=\"elementor-element elementor-element-190c2f4 elementor-widget__width-initial elementor-widget elementor-widget-text-editor\" data-id=\"190c2f4\" data-element_type=\"widget\" data-widget_type=\"text-editor.default\">\n\t\t\t\t<div class=\"elementor-widget-container\">\n\t\t\t\t\t\t\t\t\t<p><a href=\"https:\/\/www.instagram.com\/ceba_restaurant\">@ceba_restaurant<\/a><\/p>\t\t\t\t\t\t\t\t<\/div>\n\t\t\t\t<\/div>\n\t\t\t\t<div class=\"elementor-element elementor-element-90eb4be elementor-widget__width-initial elementor-widget elementor-widget-text-editor\" data-id=\"90eb4be\" data-element_type=\"widget\" data-widget_type=\"text-editor.default\">\n\t\t\t\t<div class=\"elementor-widget-container\">\n\t\t\t\t\t\t\t\t\t<p><a href=\"https:\/\/www.instagram.com\/ceba_restaurant\">04 67 67 22 14<\/a><\/p><p>\u00a0<\/p><p>\u00a0<\/p>\t\t\t\t\t\t\t\t<\/div>\n\t\t\t\t<\/div>\n\t\t\t\t\t<\/div>\n\t\t<\/div>\n\t\t\t\t<div class=\"elementor-column elementor-col-50 elementor-top-column elementor-element elementor-element-ebb23e6 order-mobi1\" data-id=\"ebb23e6\" data-element_type=\"column\">\n\t\t\t<div class=\"elementor-widget-wrap elementor-element-populated\">\n\t\t\t\t\t\t<section class=\"elementor-section elementor-inner-section elementor-element elementor-element-3767644 el-inner-section elementor-section-boxed elementor-section-height-default elementor-section-height-default\" data-id=\"3767644\" data-element_type=\"section\">\n\t\t\t\t\t\t<div class=\"elementor-container elementor-column-gap-default\">\n\t\t\t\t\t<div class=\"elementor-column elementor-col-100 elementor-inner-column elementor-element elementor-element-9d0a0a1\" data-id=\"9d0a0a1\" data-element_type=\"column\">\n\t\t\t<div class=\"elementor-widget-wrap elementor-element-populated\">\n\t\t\t\t\t\t<div class=\"elementor-element elementor-element-0e2255d elementor-widget__width-initial elementor-widget elementor-widget-google_maps\" data-id=\"0e2255d\" data-element_type=\"widget\" data-widget_type=\"google_maps.default\">\n\t\t\t\t<div class=\"elementor-widget-container\">\n\t\t\t\t\t\t\t<div class=\"elementor-custom-embed\">\n\t\t\t<iframe loading=\"lazy\"\n\t\t\t\t\tsrc=\"https:\/\/maps.google.com\/maps?q=53%2C%20rue%20de%20l%27Aiguillerie%2C%20Montpellier&#038;t=m&#038;z=15&#038;output=embed&#038;iwloc=near\"\n\t\t\t\t\ttitle=\"53, rue de l&#039;Aiguillerie, Montpellier\"\n\t\t\t\t\taria-label=\"53, rue de l&#039;Aiguillerie, Montpellier\"\n\t\t\t><\/iframe>\n\t\t<\/div>\n\t\t\t\t\t\t<\/div>\n\t\t\t\t<\/div>\n\t\t\t\t\t<\/div>\n\t\t<\/div>\n\t\t\t\t\t<\/div>\n\t\t<\/section>\n\t\t\t\t\t<\/div>\n\t\t<\/div>\n\t\t\t\t\t<\/div>\n\t\t<\/section>\n\t\t\t\t<\/div>\n\t\t","protected":false},"excerpt":{"rendered":"<p>Infos pratiques 53, rue de l&rsquo;aiguillerie &#8211; 34000 Montpellier Le restaurant est ouvert : Mardi midi &#8211; de 12h \u00e0 14h30 Mercredi midi &#8211; de 12h \u00e0 14h30 Jeudi midi et soir &#8211; de 12h \u00e0 14h30 et de 19h30&#8230;<\/p>\n","protected":false},"author":1,"featured_media":2778,"parent":0,"menu_order":0,"comment_status":"closed","ping_status":"closed","template":"templates\/template-fullscreen.php","meta":{"_acf_changed":false,"_monsterinsights_skip_tracking":false,"_monsterinsights_sitenote_active":false,"_monsterinsights_sitenote_note":"","_monsterinsights_sitenote_category":0,"footnotes":""},"class_list":["post-2387","page","type-page","status-publish","has-post-thumbnail","hentry"],"aioseo_notices":[],"acf":[],"_links":{"self":[{"href":"https:\/\/restaurant-ceba.fr\/index.php\/wp-json\/wp\/v2\/pages\/2387","targetHints":{"allow":["GET"]}}],"collection":[{"href":"https:\/\/restaurant-ceba.fr\/index.php\/wp-json\/wp\/v2\/pages"}],"about":[{"href":"https:\/\/restaurant-ceba.fr\/index.php\/wp-json\/wp\/v2\/types\/page"}],"author":[{"embeddable":true,"href":"https:\/\/restaurant-ceba.fr\/index.php\/wp-json\/wp\/v2\/users\/1"}],"replies":[{"embeddable":true,"href":"https:\/\/restaurant-ceba.fr\/index.php\/wp-json\/wp\/v2\/comments?post=2387"}],"version-history":[{"count":40,"href":"https:\/\/restaurant-ceba.fr\/index.php\/wp-json\/wp\/v2\/pages\/2387\/revisions"}],"predecessor-version":[{"id":2812,"href":"https:\/\/restaurant-ceba.fr\/index.php\/wp-json\/wp\/v2\/pages\/2387\/revisions\/2812"}],"wp:featuredmedia":[{"embeddable":true,"href":"https:\/\/restaurant-ceba.fr\/index.php\/wp-json\/wp\/v2\/media\/2778"}],"wp:attachment":[{"href":"https:\/\/restaurant-ceba.fr\/index.php\/wp-json\/wp\/v2\/media?parent=2387"}],"curies":[{"name":"wp","href":"https:\/\/api.w.org\/{rel}","templated":true}]}}